{"id":30702,"date":"2023-12-01T08:26:39","date_gmt":"2023-12-01T08:26:39","guid":{"rendered":"https:\/\/rentacarlarueda.com\/?page_id=30702"},"modified":"2023-12-01T08:31:39","modified_gmt":"2023-12-01T08:31:39","slug":"politica-de-accesibilidad","status":"publish","type":"page","link":"https:\/\/rentacarlarueda.com\/es\/politica-de-accesibilidad\/","title":{"rendered":"Pol\u00edtica de Accesibilidad"},"content":{"rendered":"\t\t<div data-elementor-type=\"wp-page\" data-elementor-id=\"30702\" class=\"elementor elementor-30702\" data-elementor-post-type=\"page\">\n\t\t\t\t\t\t\t<div class=\"elementor-element elementor-element-8d80538 e-con-full e-flex e-con\" data-id=\"8d80538\" data-element_type=\"container\" data-settings=\"{&quot;content_width&quot;:&quot;full&quot;,&quot;background_background&quot;:&quot;classic&quot;}\">\n\t\t\t\t<div class=\"elementor-element elementor-element-74439fe elementor-widget elementor-widget-heading\" data-id=\"74439fe\" data-element_type=\"widget\" data-widget_type=\"heading.default\">\n\t\t\t\t<div class=\"elementor-widget-container\">\n\t\t\t<style>\/*! elementor - v3.15.0 - 09-08-2023 *\/\n.elementor-heading-title{padding:0;margin:0;line-height:1}.elementor-widget-heading .elementor-heading-title[class*=elementor-size-]>a{color:inherit;font-size:inherit;line-height:inherit}.elementor-widget-heading .elementor-heading-title.elementor-size-small{font-size:15px}.elementor-widget-heading .elementor-heading-title.elementor-size-medium{font-size:19px}.elementor-widget-heading .elementor-heading-title.elementor-size-large{font-size:29px}.elementor-widget-heading .elementor-heading-title.elementor-size-xl{font-size:39px}.elementor-widget-heading .elementor-heading-title.elementor-size-xxl{font-size:59px}<\/style><h1 class=\"elementor-heading-title elementor-size-default\">POL\u00cdTICA DE ACCESIBILIDAD<\/h1>\t\t<\/div>\n\t\t\t\t<\/div>\n\t\t\t\t<\/div>\n\t\t<div class=\"elementor-element elementor-element-0e8eec9 e-flex e-con-boxed e-con\" data-id=\"0e8eec9\" data-element_type=\"container\" data-settings=\"{&quot;content_width&quot;:&quot;boxed&quot;}\">\n\t\t\t\t\t<div class=\"e-con-inner\">\n\t\t\t\t<div class=\"elementor-element elementor-element-252c786 elementor-widget elementor-widget-text-editor\" data-id=\"252c786\" data-element_type=\"widget\" data-widget_type=\"text-editor.default\">\n\t\t\t\t<div class=\"elementor-widget-container\">\n\t\t\t<style>\/*! elementor - v3.15.0 - 09-08-2023 *\/\n.elementor-widget-text-editor.elementor-drop-cap-view-stacked .elementor-drop-cap{background-color:#69727d;color:#fff}.elementor-widget-text-editor.elementor-drop-cap-view-framed .elementor-drop-cap{color:#69727d;border:3px solid;background-color:transparent}.elementor-widget-text-editor:not(.elementor-drop-cap-view-default) .elementor-drop-cap{margin-top:8px}.elementor-widget-text-editor:not(.elementor-drop-cap-view-default) .elementor-drop-cap-letter{width:1em;height:1em}.elementor-widget-text-editor .elementor-drop-cap{float:left;text-align:center;line-height:1;font-size:50px}.elementor-widget-text-editor .elementor-drop-cap-letter{display:inline-block}<\/style>\t\t\t\t<p>La empresa Autos Rueda Car Gomera S.L. se ha comprometido a hacer accesible su sitio web de conformidad con el Real Decreto 1112\/2018, de 7 de septiembre, sobre accesibilidad de los sitios web y aplicaciones para dispositivos m\u00f3viles del sector p\u00fablico, o desarrollos financiados desde Europa.<\/p><p>La presente declaraci\u00f3n de accesibilidad se aplica al sitioweb\u00a0<a href=\"https:\/\/rentacarlarueda.com\/\"><span class=\"s4\">https:\/\/rentacarlarueda.com\/<\/span><\/a> excluyendo los contenidos incrustados provenientes de otros dominios.<\/p><p><span class=\"s3\">Situaci\u00f3n de cumplimiento<\/span><\/p><p>Este sitio web es Parcialmente conforme con el RD 1112\/2018 debido a la falta de conformidad de los aspectos que se indican a continuaci\u00f3n.<\/p><p><span class=\"s3\">Contenido no accesible<\/span><\/p><p>El contenido que se recoge a continuaci\u00f3n no es accesible por los siguientes motivos:<\/p><div class=\"s6\"><span class=\"s5\">\u2022 <\/span>Falta de conformidad:<\/div><div class=\"s7\"><span class=\"s5\">\u2022 <\/span>Pueden existir algunas im\u00e1genes cuya alternativa no est\u00e9 implementada o no sea correcta &#8211; \u2013 Requisito 9.1.1.1 Contenido no textual UNE-EN 301549:2022<\/div><div class=\"s7\"><span class=\"s5\">\u2022 <\/span>Puede existir elementos de encabezado incorrectamente implementados, o cuyo orden l\u00f3gico no sea el correcto &#8211; Requisito n\u00famero 9.1.3.1 Informaci\u00f3n y relaciones de UNE-EN 301549:2022<\/div><div class=\"s7\"><span class=\"s5\">\u2022 <\/span>Puede haber elementos cuyo contraste no sea el suficiente en algunas p\u00e1ginas \u2013 Requisito 9.1.4.3 Contraste UNE-EN 301549:2020<\/div><div class=\"s8\"><span class=\"s5\">\u2022 <\/span>La web no ofrece un sistema de navegaci\u00f3n alternativo al men\u00fa \u2013 Requisito n\u00famero 9.2.4.5 M\u00faltiples V\u00edas de UNE-EN 301549:2022<\/div><div class=\"s7\"><span class=\"s5\">\u2022 <\/span>Pueden existir elementos que surjan en pantalla, los cuales no est\u00e9n correctamente identificados mediante su mensaje de estado o rol &#8211; \u2013 Requisito n\u00famero 9.4.1.3 Mensajes de estado de UNE-EN 301549:2022<\/div><div class=\"s8\"><span class=\"s5\">\u2022 <\/span>Podr\u00edan existir fallos puntuales de edici\u00f3n en alguna p\u00e1gina web.<\/div><div class=\"s6\"><span class=\"s5\">\u2022 <\/span>Carga desproporcionada: No resulta aplicable.<\/div><div class=\"s6\"><span class=\"s5\">\u2022 <\/span>El contenido no entra dentro del \u00e1mbito de la legislaci\u00f3n aplicable.<\/div><p>Podr\u00edan existir archivos ofim\u00e1ticos en PDF u otros formatos publicados antes del 20 de septiembre de 2018 que no cumplan en su totalidad todos los requisitos de accesibilidad.<br \/>Puede haber contenidos de terceros que no est\u00e9n desarrollados en esta Unidad, ni bajo su control, como archivos ofim\u00e1ticos de diferentes organismos que deban publicarse en este sitio.<\/p><p class=\"s9\">\u00a0<\/p><p class=\"s9\">\u00a0<\/p><p class=\"s9\">\u00a0<\/p><p class=\"s9\"><span class=\"s3\">Observaciones y datos de contacto<\/span><\/p><p class=\"s11\"><span class=\"s10\">Puede realizar comunicaciones sobre requisitos de accesibilidad [art\u00edculo 10.2.a) del RD 1112\/2018] como, por ejemplo:<\/span><\/p><div class=\"s13\"><span class=\"s12\">\u25aa <\/span><span class=\"s10\">Informar sobre cualquier posible incumplimiento por parte de este sitio web.<\/span><\/div><div class=\"s13\"><span class=\"s12\">\u25aa <\/span><span class=\"s10\">Transmitir otras dificultades de acceso al contenido.<\/span><\/div><div class=\"s13\"><span class=\"s12\">\u25aa <\/span><span class=\"s10\">Formular cualquier otra consulta o sugerencia de mejora relativa a la accesibilidad del sitio web a trav\u00e9s del siguiente\u00a0<\/span><span class=\"s14\">formulario de contacto<\/span><span class=\"s10\">\u00a0o llamando al <\/span><span class=\"s14\">tel\u00e9fono <\/span><span class=\"s14\">XXX <\/span><span class=\"s14\">de 9 a 14 horas de lunes a viernes.<\/span><\/div><p class=\"s11\"><span class=\"s10\">Puede presentar:<\/span><\/p><div class=\"s13\"><span class=\"s12\">\u25aa <\/span><span class=\"s10\">Una queja relativa al cumplimiento de los requisitos del RD 1112\/2018<\/span><\/div><div class=\"s13\"><span class=\"s12\">\u25aa <\/span><span class=\"s10\">Una solicitud de informaci\u00f3n accesible relativa a:<\/span><\/div><div class=\"s15\"><span class=\"s5\">\u2022 <\/span><span class=\"s10\">Contenidos que est\u00e1n excluidos del \u00e1mbito de aplicaci\u00f3n del RD 1112\/2018 seg\u00fan lo establecido por el art\u00edculo 3, apartado 4.<\/span><\/div><div class=\"s15\"><span class=\"s5\">\u2022 <\/span><span class=\"s10\">Contenidos que est\u00e1n exentos del cumplimiento de los requisitos de accesibilidad por imponer una carga desproporcionada.<\/span><\/div><p class=\"s16\"><span class=\"s10\">En la solicitud de informaci\u00f3n accesible, se debe concretar, con toda claridad, los hechos, razones y petici\u00f3n que permitan constatar que se trata de una solicitud razonable y leg\u00edtima.<\/span><\/p><p>\u00a0<\/p><p>RELLENE LOS TEXTOS MARCADOS EN ROJO, YA SEA CON EL ENLACE A LA P\u00c1GINA DE CONTACTO, COMO EL TEL\u00c9FONO Y HORARIO.<\/p>\t\t\t\t\t\t<\/div>\n\t\t\t\t<\/div>\n\t\t\t\t\t<\/div>\n\t\t\t\t<\/div>\n\t\t\t\t\t\t\t<\/div>\n\t\t","protected":false},"excerpt":{"rendered":"<p>POL\u00cdTICA DE ACCESIBILIDAD La empresa Autos Rueda Car Gomera S.L. se ha comprometido a hacer accesible su sitio web de conformidad con el Real Decreto 1112\/2018, de 7 de septiembre, sobre accesibilidad de los sitios web y aplicaciones para dispositivos m\u00f3viles del sector p\u00fablico, o desarrollos financiados desde Europa. La presente declaraci\u00f3n de accesibilidad se [&hellip;]<\/p>\n","protected":false},"author":7,"featured_media":0,"parent":0,"menu_order":0,"comment_status":"closed","ping_status":"closed","template":"elementor_header_footer","meta":{"inline_featured_image":false},"yoast_head":"<!-- This site is optimized with the Yoast SEO plugin v21.4 - https:\/\/yoast.com\/wordpress\/plugins\/seo\/ -->\n<title>Pol\u00edtica de Accesibilidad - Rent a Car LA RUEDA<\/title>\n<meta name=\"robots\" content=\"index, follow, max-snippet:-1, max-image-preview:large, max-video-preview:-1\" \/>\n<link rel=\"canonical\" href=\"https:\/\/rentacarlarueda.com\/es\/politica-de-accesibilidad\/\" \/>\n<meta property=\"og:locale\" content=\"es_ES\" \/>\n<meta property=\"og:type\" content=\"article\" \/>\n<meta property=\"og:title\" content=\"Pol\u00edtica de Accesibilidad - Rent a Car LA RUEDA\" \/>\n<meta property=\"og:description\" content=\"POL\u00cdTICA DE ACCESIBILIDAD La empresa Autos Rueda Car Gomera S.L. se ha comprometido a hacer accesible su sitio web de conformidad con el Real Decreto 1112\/2018, de 7 de septiembre, sobre accesibilidad de los sitios web y aplicaciones para dispositivos m\u00f3viles del sector p\u00fablico, o desarrollos financiados desde Europa. La presente declaraci\u00f3n de accesibilidad se [&hellip;]\" \/>\n<meta property=\"og:url\" content=\"https:\/\/rentacarlarueda.com\/es\/politica-de-accesibilidad\/\" \/>\n<meta property=\"og:site_name\" content=\"Rent a Car LA RUEDA\" \/>\n<meta property=\"article:publisher\" content=\"https:\/\/www.facebook.com\/LaRuedaRentaCar\/\" \/>\n<meta property=\"article:modified_time\" content=\"2023-12-01T08:31:39+00:00\" \/>\n<meta name=\"twitter:card\" content=\"summary_large_image\" \/>\n<meta name=\"twitter:label1\" content=\"Tiempo de lectura\" \/>\n\t<meta name=\"twitter:data1\" content=\"3 minutos\" \/>\n<script type=\"application\/ld+json\" class=\"yoast-schema-graph\">{\"@context\":\"https:\/\/schema.org\",\"@graph\":[{\"@type\":\"WebPage\",\"@id\":\"https:\/\/rentacarlarueda.com\/es\/politica-de-accesibilidad\/\",\"url\":\"https:\/\/rentacarlarueda.com\/es\/politica-de-accesibilidad\/\",\"name\":\"Pol\u00edtica de Accesibilidad - Rent a Car LA RUEDA\",\"isPartOf\":{\"@id\":\"https:\/\/rentacarlarueda.com\/#website\"},\"datePublished\":\"2023-12-01T08:26:39+00:00\",\"dateModified\":\"2023-12-01T08:31:39+00:00\",\"breadcrumb\":{\"@id\":\"https:\/\/rentacarlarueda.com\/es\/politica-de-accesibilidad\/#breadcrumb\"},\"inLanguage\":\"es\",\"potentialAction\":[{\"@type\":\"ReadAction\",\"target\":[\"https:\/\/rentacarlarueda.com\/es\/politica-de-accesibilidad\/\"]}]},{\"@type\":\"BreadcrumbList\",\"@id\":\"https:\/\/rentacarlarueda.com\/es\/politica-de-accesibilidad\/#breadcrumb\",\"itemListElement\":[{\"@type\":\"ListItem\",\"position\":1,\"name\":\"Portada\",\"item\":\"https:\/\/rentacarlarueda.com\/es\/\"},{\"@type\":\"ListItem\",\"position\":2,\"name\":\"Pol\u00edtica de Accesibilidad\"}]},{\"@type\":\"WebSite\",\"@id\":\"https:\/\/rentacarlarueda.com\/#website\",\"url\":\"https:\/\/rentacarlarueda.com\/\",\"name\":\"Rent a Car LA RUEDA\",\"description\":\"Rent a car en la isla de La Gomera desde 1979\",\"publisher\":{\"@id\":\"https:\/\/rentacarlarueda.com\/#organization\"},\"potentialAction\":[{\"@type\":\"SearchAction\",\"target\":{\"@type\":\"EntryPoint\",\"urlTemplate\":\"https:\/\/rentacarlarueda.com\/?s={search_term_string}\"},\"query-input\":\"required name=search_term_string\"}],\"inLanguage\":\"es\"},{\"@type\":\"Organization\",\"@id\":\"https:\/\/rentacarlarueda.com\/#organization\",\"name\":\"Rent a Car LA RUEDA\",\"url\":\"https:\/\/rentacarlarueda.com\/\",\"logo\":{\"@type\":\"ImageObject\",\"inLanguage\":\"es\",\"@id\":\"https:\/\/rentacarlarueda.com\/#\/schema\/logo\/image\/\",\"url\":\"https:\/\/rentacarlarueda.com\/wp-content\/uploads\/2020\/07\/cropped-ico-LA-RUEDA.png\",\"contentUrl\":\"https:\/\/rentacarlarueda.com\/wp-content\/uploads\/2020\/07\/cropped-ico-LA-RUEDA.png\",\"width\":512,\"height\":512,\"caption\":\"Rent a Car LA RUEDA\"},\"image\":{\"@id\":\"https:\/\/rentacarlarueda.com\/#\/schema\/logo\/image\/\"},\"sameAs\":[\"https:\/\/www.facebook.com\/LaRuedaRentaCar\/\"]}]}<\/script>\n<!-- \/ Yoast SEO plugin. -->","yoast_head_json":{"title":"Pol\u00edtica de Accesibilidad - Rent a Car LA RUEDA","robots":{"index":"index","follow":"follow","max-snippet":"max-snippet:-1","max-image-preview":"max-image-preview:large","max-video-preview":"max-video-preview:-1"},"canonical":"https:\/\/rentacarlarueda.com\/es\/politica-de-accesibilidad\/","og_locale":"es_ES","og_type":"article","og_title":"Pol\u00edtica de Accesibilidad - Rent a Car LA RUEDA","og_description":"POL\u00cdTICA DE ACCESIBILIDAD La empresa Autos Rueda Car Gomera S.L. se ha comprometido a hacer accesible su sitio web de conformidad con el Real Decreto 1112\/2018, de 7 de septiembre, sobre accesibilidad de los sitios web y aplicaciones para dispositivos m\u00f3viles del sector p\u00fablico, o desarrollos financiados desde Europa. La presente declaraci\u00f3n de accesibilidad se [&hellip;]","og_url":"https:\/\/rentacarlarueda.com\/es\/politica-de-accesibilidad\/","og_site_name":"Rent a Car LA RUEDA","article_publisher":"https:\/\/www.facebook.com\/LaRuedaRentaCar\/","article_modified_time":"2023-12-01T08:31:39+00:00","twitter_card":"summary_large_image","twitter_misc":{"Tiempo de lectura":"3 minutos"},"schema":{"@context":"https:\/\/schema.org","@graph":[{"@type":"WebPage","@id":"https:\/\/rentacarlarueda.com\/es\/politica-de-accesibilidad\/","url":"https:\/\/rentacarlarueda.com\/es\/politica-de-accesibilidad\/","name":"Pol\u00edtica de Accesibilidad - Rent a Car LA RUEDA","isPartOf":{"@id":"https:\/\/rentacarlarueda.com\/#website"},"datePublished":"2023-12-01T08:26:39+00:00","dateModified":"2023-12-01T08:31:39+00:00","breadcrumb":{"@id":"https:\/\/rentacarlarueda.com\/es\/politica-de-accesibilidad\/#breadcrumb"},"inLanguage":"es","potentialAction":[{"@type":"ReadAction","target":["https:\/\/rentacarlarueda.com\/es\/politica-de-accesibilidad\/"]}]},{"@type":"BreadcrumbList","@id":"https:\/\/rentacarlarueda.com\/es\/politica-de-accesibilidad\/#breadcrumb","itemListElement":[{"@type":"ListItem","position":1,"name":"Portada","item":"https:\/\/rentacarlarueda.com\/es\/"},{"@type":"ListItem","position":2,"name":"Pol\u00edtica de Accesibilidad"}]},{"@type":"WebSite","@id":"https:\/\/rentacarlarueda.com\/#website","url":"https:\/\/rentacarlarueda.com\/","name":"Rent a Car LA RUEDA","description":"Rent a car en la isla de La Gomera desde 1979","publisher":{"@id":"https:\/\/rentacarlarueda.com\/#organization"},"potentialAction":[{"@type":"SearchAction","target":{"@type":"EntryPoint","urlTemplate":"https:\/\/rentacarlarueda.com\/?s={search_term_string}"},"query-input":"required name=search_term_string"}],"inLanguage":"es"},{"@type":"Organization","@id":"https:\/\/rentacarlarueda.com\/#organization","name":"Rent a Car LA RUEDA","url":"https:\/\/rentacarlarueda.com\/","logo":{"@type":"ImageObject","inLanguage":"es","@id":"https:\/\/rentacarlarueda.com\/#\/schema\/logo\/image\/","url":"https:\/\/rentacarlarueda.com\/wp-content\/uploads\/2020\/07\/cropped-ico-LA-RUEDA.png","contentUrl":"https:\/\/rentacarlarueda.com\/wp-content\/uploads\/2020\/07\/cropped-ico-LA-RUEDA.png","width":512,"height":512,"caption":"Rent a Car LA RUEDA"},"image":{"@id":"https:\/\/rentacarlarueda.com\/#\/schema\/logo\/image\/"},"sameAs":["https:\/\/www.facebook.com\/LaRuedaRentaCar\/"]}]}},"_links":{"self":[{"href":"https:\/\/rentacarlarueda.com\/es\/wp-json\/wp\/v2\/pages\/30702"}],"collection":[{"href":"https:\/\/rentacarlarueda.com\/es\/wp-json\/wp\/v2\/pages"}],"about":[{"href":"https:\/\/rentacarlarueda.com\/es\/wp-json\/wp\/v2\/types\/page"}],"author":[{"embeddable":true,"href":"https:\/\/rentacarlarueda.com\/es\/wp-json\/wp\/v2\/users\/7"}],"replies":[{"embeddable":true,"href":"https:\/\/rentacarlarueda.com\/es\/wp-json\/wp\/v2\/comments?post=30702"}],"version-history":[{"count":7,"href":"https:\/\/rentacarlarueda.com\/es\/wp-json\/wp\/v2\/pages\/30702\/revisions"}],"predecessor-version":[{"id":30709,"href":"https:\/\/rentacarlarueda.com\/es\/wp-json\/wp\/v2\/pages\/30702\/revisions\/30709"}],"wp:attachment":[{"href":"https:\/\/rentacarlarueda.com\/es\/wp-json\/wp\/v2\/media?parent=30702"}],"curies":[{"name":"wp","href":"https:\/\/api.w.org\/{rel}","templated":true}]}}