{"id":30304,"date":"2023-08-03T12:19:39","date_gmt":"2023-08-03T11:19:39","guid":{"rendered":"https:\/\/rentacarlarueda.com\/politica-de-privacidad\/"},"modified":"2023-08-03T14:39:37","modified_gmt":"2023-08-03T13:39:37","slug":"politica-de-privacidad","status":"publish","type":"page","link":"https:\/\/rentacarlarueda.com\/es\/politica-de-privacidad\/","title":{"rendered":"Pol\u00edtica de Privacidad"},"content":{"rendered":"\t\t<div data-elementor-type=\"wp-page\" data-elementor-id=\"30304\" class=\"elementor elementor-30304 elementor-30269\" data-elementor-post-type=\"page\">\n\t\t\t\t\t\t\t<div class=\"elementor-element elementor-element-8d80538 e-con-full e-flex e-con\" data-id=\"8d80538\" data-element_type=\"container\" data-settings=\"{&quot;content_width&quot;:&quot;full&quot;,&quot;background_background&quot;:&quot;classic&quot;}\">\n\t\t\t\t<div class=\"elementor-element elementor-element-74439fe elementor-widget elementor-widget-heading\" data-id=\"74439fe\" data-element_type=\"widget\" data-widget_type=\"heading.default\">\n\t\t\t\t<div class=\"elementor-widget-container\">\n\t\t\t<style>\/*! elementor - v3.15.0 - 09-08-2023 *\/\n.elementor-heading-title{padding:0;margin:0;line-height:1}.elementor-widget-heading .elementor-heading-title[class*=elementor-size-]>a{color:inherit;font-size:inherit;line-height:inherit}.elementor-widget-heading .elementor-heading-title.elementor-size-small{font-size:15px}.elementor-widget-heading .elementor-heading-title.elementor-size-medium{font-size:19px}.elementor-widget-heading .elementor-heading-title.elementor-size-large{font-size:29px}.elementor-widget-heading .elementor-heading-title.elementor-size-xl{font-size:39px}.elementor-widget-heading .elementor-heading-title.elementor-size-xxl{font-size:59px}<\/style><h1 class=\"elementor-heading-title elementor-size-default\">POL\u00cdTICA DE PRIVACIDAD<\/h1>\t\t<\/div>\n\t\t\t\t<\/div>\n\t\t\t\t<\/div>\n\t\t<div class=\"elementor-element elementor-element-d45f90c e-flex e-con-boxed e-con\" data-id=\"d45f90c\" data-element_type=\"container\" data-settings=\"{&quot;content_width&quot;:&quot;boxed&quot;}\">\n\t\t\t\t\t<div class=\"e-con-inner\">\n\t\t\t\t<div class=\"elementor-element elementor-element-595f619 elementor-widget elementor-widget-text-editor\" data-id=\"595f619\" data-element_type=\"widget\" data-widget_type=\"text-editor.default\">\n\t\t\t\t<div class=\"elementor-widget-container\">\n\t\t\t<style>\/*! elementor - v3.15.0 - 09-08-2023 *\/\n.elementor-widget-text-editor.elementor-drop-cap-view-stacked .elementor-drop-cap{background-color:#69727d;color:#fff}.elementor-widget-text-editor.elementor-drop-cap-view-framed .elementor-drop-cap{color:#69727d;border:3px solid;background-color:transparent}.elementor-widget-text-editor:not(.elementor-drop-cap-view-default) .elementor-drop-cap{margin-top:8px}.elementor-widget-text-editor:not(.elementor-drop-cap-view-default) .elementor-drop-cap-letter{width:1em;height:1em}.elementor-widget-text-editor .elementor-drop-cap{float:left;text-align:center;line-height:1;font-size:50px}.elementor-widget-text-editor .elementor-drop-cap-letter{display:inline-block}<\/style>\t\t\t\t<p>Autos Rueda Car Gomera S.L.: (la \u201cEmpresa\u201d) es una Organizaci\u00f3n en la que se da el servicio de \u201cAlquiler de Veh\u00edculos sin Conductor\u201d, lo que le atribuye una importante responsabilidad en el dise\u00f1o y organizaci\u00f3n de procedimientos de modo que est\u00e9n alineados con el cumplimiento legal en esta materia.<\/p>\n<p>En el ejercicio de estas responsabilidades y con el objeto de establecer los principios generales que deben regir el tratamiento de los datos de car\u00e1cter personal en la Empresa, aprueba esta Pol\u00edtica de protecci\u00f3n de datos de car\u00e1cter personal, que notifica a sus Empleados y pone a disposici\u00f3n de todos sus grupos de Inter\u00e9s.<\/p>\n\t\t\t\t\t\t<\/div>\n\t\t\t\t<\/div>\n\t\t\t\t<div class=\"elementor-element elementor-element-aa6fc37 elementor-widget elementor-widget-heading\" data-id=\"aa6fc37\" data-element_type=\"widget\" data-widget_type=\"heading.default\">\n\t\t\t\t<div class=\"elementor-widget-container\">\n\t\t\t<h2 class=\"elementor-heading-title elementor-size-default\">1. Finalidad<\/h2>\t\t<\/div>\n\t\t\t\t<\/div>\n\t\t\t\t<div class=\"elementor-element elementor-element-999937f elementor-widget elementor-widget-text-editor\" data-id=\"999937f\" data-element_type=\"widget\" data-widget_type=\"text-editor.default\">\n\t\t\t\t<div class=\"elementor-widget-container\">\n\t\t\t\t\t\t\t<p>La Pol\u00edtica de protecci\u00f3n de datos de car\u00e1cter personal es una medida de <em>Responsabilidad proactiva<\/em> que tiene la finalidad de asegurar el cumplimiento de la legislaci\u00f3n aplicable en esta materia y relaci\u00f3n a \u00e9sta, el respeto del derecho al honor y a la intimidad en el tratamiento de los datos de car\u00e1cter personal de todas las personas que se relacionan con La Empresa.<\/p>\n<p>En desarrollo de lo dispuesto en esta Pol\u00edtica de protecci\u00f3n de datos de car\u00e1cter personal, se establecen cu\u00e1les son los Principios que rigen el tratamiento de datos en la organizaci\u00f3n y en consecuencia, los procedimientos, y las medidas organizativas y de seguridad que las personas afectadas por esta Pol\u00edtica se comprometen a implementar en su \u00e1mbito de responsabilidad.<\/p>\n<p>Con este fin, la Direcci\u00f3n asignar\u00e1 las responsabilidades al personal que participa en las operaciones de tratamiento de datos.<\/p>\n\t\t\t\t\t\t<\/div>\n\t\t\t\t<\/div>\n\t\t\t\t<div class=\"elementor-element elementor-element-80c2e79 elementor-widget elementor-widget-heading\" data-id=\"80c2e79\" data-element_type=\"widget\" data-widget_type=\"heading.default\">\n\t\t\t\t<div class=\"elementor-widget-container\">\n\t\t\t<h2 class=\"elementor-heading-title elementor-size-default\">2. \u00c1mbito de aplicaci\u00f3n<\/h2>\t\t<\/div>\n\t\t\t\t<\/div>\n\t\t\t\t<div class=\"elementor-element elementor-element-2c1b21c elementor-widget elementor-widget-text-editor\" data-id=\"2c1b21c\" data-element_type=\"widget\" data-widget_type=\"text-editor.default\">\n\t\t\t\t<div class=\"elementor-widget-container\">\n\t\t\t\t\t\t\t<p>Esta Pol\u00edtica de protecci\u00f3n de datos de car\u00e1cter personal ser\u00e1 de aplicaci\u00f3n a la Empresa, a sus administradores, directivos y empleados, as\u00ed como a todas las personas que se relacionen con ella, con inclusi\u00f3n expresa de los proveedores de servicio con acceso a datos (\u201cEncargados del tratamiento\u201d).<\/p>\n\t\t\t\t\t\t<\/div>\n\t\t\t\t<\/div>\n\t\t\t\t<div class=\"elementor-element elementor-element-eeaa02f elementor-widget elementor-widget-heading\" data-id=\"eeaa02f\" data-element_type=\"widget\" data-widget_type=\"heading.default\">\n\t\t\t\t<div class=\"elementor-widget-container\">\n\t\t\t<h2 class=\"elementor-heading-title elementor-size-default\">3. Principios del tratamiento de los datos de car\u00e1cter personal<\/h2>\t\t<\/div>\n\t\t\t\t<\/div>\n\t\t\t\t<div class=\"elementor-element elementor-element-c1cdaf2 elementor-widget elementor-widget-text-editor\" data-id=\"c1cdaf2\" data-element_type=\"widget\" data-widget_type=\"text-editor.default\">\n\t\t\t\t<div class=\"elementor-widget-container\">\n\t\t\t\t\t\t\t<p>Como principio general, La Empresa cumplir\u00e1 escrupulosamente con la legislaci\u00f3n en materia de protecci\u00f3n de datos de car\u00e1cter personal y debe ser capaz de demostrarlo (Principio de \u00abresponsabilidad proactiva\u00bb), prestando especial atenci\u00f3n a aquellos tratamientos que puedan suponer un mayor riesgo para los derechos de los afectados (Principio de \u00abenfoque de riesgo\u00bb).<\/p>\n<p>En relaci\u00f3n a lo expuesto Autos Rueda Car Gomera S.L. velar\u00e1 por el cumplimiento de los siguientes Principios:<\/p>\n<p><strong>&#8211; Licitud, lealtad, transparencia y limitaci\u00f3n de la finalidad.<\/strong> El tratamiento de datos siempre deber\u00e1 ser informado al afectado, mediante cl\u00e1usulas y otros procedimientos; y s\u00f3lo se considerar\u00e1 leg\u00edtimo si hay consentimiento para el tratamiento de datos (con especial atenci\u00f3n al prestado por los menores de edad), o cuenta con otra legitimaci\u00f3n v\u00e1lida y la finalidad del mismo es acorde a Normativa.<\/p>\n<p><strong>&#8211; Minimizaci\u00f3n de datos.<\/strong> Los datos tratados deber\u00e1n ser adecuados, pertinentes y limitados a lo necesario en relaci\u00f3n a los fines del tratamiento.<\/p>\n<p><strong>&#8211; Exactitud.<\/strong> Los datos deber\u00e1n ser exactos y, si fuera necesarios, actualizados. A este respecto se adoptar\u00e1n las medidas necesarias para que se supriman o rectifiquen sin dilaci\u00f3n los datos personales que sean inexactos con respecto a los fines del tratamiento.<\/p>\n<p><strong>&#8211; Limitaci\u00f3n del plazo de conservaci\u00f3n.<\/strong> Los datos ser\u00e1n mantenidos de forma que se permita la identificaci\u00f3n de los interesados durante no m\u00e1s tiempo del necesario para los fines del tratamiento.<\/p>\n<p><strong>&#8211; Integridad y Confidencialidad.<\/strong> Los datos ser\u00e1n tratados de tal manera que se garantice una seguridad adecuada de los datos personales, incluida la protecci\u00f3n contra el tratamiento no autorizado o il\u00edcito y contra su p\u00e9rdida, destrucci\u00f3n o da\u00f1o accidental, mediante la aplicaci\u00f3n de las medidas t\u00e9cnicas u organizativas apropiadas.<\/p>\n<p><strong>&#8211; Cesiones de datos.<\/strong> Queda prohibida la compra u obtenci\u00f3n de datos de car\u00e1cter personal de fuentes ileg\u00edtimas o en aquellos casos en los que dichos datos hayan sido recabados o cedidos contraviniendo la ley o no se garantice suficientemente su leg\u00edtima procedencia.<\/p>\n<p><strong>&#8211; Contrataci\u00f3n de proveedores con acceso a datos.<\/strong> S\u00f3lo se elegir\u00e1n para su contrataci\u00f3n a proveedores que ofrezcan garant\u00edas suficientes para aplicar medidas t\u00e9cnicas y de seguridad apropiadas en el tratamiento de datos. Con estos terceros se documentar\u00e1 el debido Acuerdo a este respecto.<\/p>\n<p><strong>&#8211; Transferencias internacionales de datos.<\/strong> Todo tratamiento de datos de car\u00e1cter personal sujeto a normativa de la Uni\u00f3n Europea que implique una transferencia de datos fuera del Espacio Econ\u00f3mico Europeo deber\u00e1 llevarse a cabo con estricto cumplimiento de los requisitos establecidos en la ley aplicable.<\/p>\n<p><strong>&#8211; Derechos de los afectados.<\/strong> La Empresa facilitar\u00e1 a los afectados el ejercicio de los derechos de acceso, rectificaci\u00f3n, supresi\u00f3n, limitaci\u00f3n del tratamiento, oposici\u00f3n y portabilidad, estableciendo a tal efecto los procedimientos internos, y en particular los modelos para su ejercicio que resulten necesarios y oportunos, los cuales deber\u00e1n satisfacer, al menos, los requisitos legales aplicables en cada caso.<\/p>\n<p>La Empresa promover\u00e1 que los principios recogidos en esta Pol\u00edtica de protecci\u00f3n de datos de car\u00e1cter personal sean tenidos en cuenta (i) en el dise\u00f1o e implementaci\u00f3n de todos los procedimientos de trabajo, (ii) en los productos y servicios ofrecidos (iii) en todos los contratos y obligaciones que formalicen o asuman y (iv) en la implantaci\u00f3n de cuantos sistemas y plataformas permitan el acceso de empleados o terceros y\/o la recogida o tratamiento de datos de car\u00e1cter personal.<\/p>\n\t\t\t\t\t\t<\/div>\n\t\t\t\t<\/div>\n\t\t\t\t<div class=\"elementor-element elementor-element-afc3c3b elementor-widget elementor-widget-heading\" data-id=\"afc3c3b\" data-element_type=\"widget\" data-widget_type=\"heading.default\">\n\t\t\t\t<div class=\"elementor-widget-container\">\n\t\t\t<h2 class=\"elementor-heading-title elementor-size-default\">4. Compromiso de los trabajadores<\/h2>\t\t<\/div>\n\t\t\t\t<\/div>\n\t\t\t\t<div class=\"elementor-element elementor-element-41b510a elementor-widget elementor-widget-text-editor\" data-id=\"41b510a\" data-element_type=\"widget\" data-widget_type=\"text-editor.default\">\n\t\t\t\t<div class=\"elementor-widget-container\">\n\t\t\t\t\t\t\t<p>Los trabajadores son informados de la presente Pol\u00edtica y se declaran conscientes de que la informaci\u00f3n de car\u00e1cter personal es un activo de la Empresa, y a este respecto se adhieren a ella, comprometi\u00e9ndose a lo siguiente:<\/p>\n<p>&#8211; Realizar la formaci\u00f3n de sensibilizaci\u00f3n en Protecci\u00f3n de datos que la Empresa pone a su disposici\u00f3n.<\/p>\n<p>&#8211; Aplicar las medidas de seguridad a nivel de usuario que apliquen a su puesto de trabajo, sin perjuicio de las responsabilidades en su dise\u00f1o e implantaci\u00f3n que se puedan pudieran atribu\u00edrsele en funci\u00f3n de su rol dentro de Autos Rueda Car Gomera S.L..<\/p>\n<p>&#8211; Utilizar los formatos establecidos para el ejercicio de Derechos por parte de los afectados e informar a la Empresa de forma inmediata de modo que pueda hacerse efectiva la respuesta.<\/p>\n<p>&#8211; Informar a la Empresa, tan pronto tenga conocimiento, de desviaciones de lo establecido en esta Pol\u00edtica, en particular de \u201cViolaciones de seguridad de los datos personales\u201d, utilizando para ello el formato establecido al efecto.<\/p>\n\t\t\t\t\t\t<\/div>\n\t\t\t\t<\/div>\n\t\t\t\t<div class=\"elementor-element elementor-element-3a7f683 elementor-widget elementor-widget-heading\" data-id=\"3a7f683\" data-element_type=\"widget\" data-widget_type=\"heading.default\">\n\t\t\t\t<div class=\"elementor-widget-container\">\n\t\t\t<h2 class=\"elementor-heading-title elementor-size-default\">5. Control y evaluaci\u00f3n<\/h2>\t\t<\/div>\n\t\t\t\t<\/div>\n\t\t\t\t<div class=\"elementor-element elementor-element-5e171b1 elementor-widget elementor-widget-text-editor\" data-id=\"5e171b1\" data-element_type=\"widget\" data-widget_type=\"text-editor.default\">\n\t\t\t\t<div class=\"elementor-widget-container\">\n\t\t\t\t\t\t\t<p>Se realizar\u00e1 una verificaci\u00f3n, evaluaci\u00f3n y valoraci\u00f3n anual, o cada vez que haya cambios significativos en los tratamientos de datos, de la eficacia de las medidas t\u00e9cnicas y organizativas para garantizar la seguridad del tratamiento.<\/p>\n\t\t\t\t\t\t<\/div>\n\t\t\t\t<\/div>\n\t\t\t\t\t<\/div>\n\t\t\t\t<\/div>\n\t\t\t\t\t\t\t<\/div>\n\t\t","protected":false},"excerpt":{"rendered":"<p>POL\u00cdTICA DE PRIVACIDAD Autos Rueda Car Gomera S.L.: (la \u201cEmpresa\u201d) es una Organizaci\u00f3n en la que se da el servicio de \u201cAlquiler de Veh\u00edculos sin Conductor\u201d, lo que le atribuye una importante responsabilidad en el dise\u00f1o y organizaci\u00f3n de procedimientos de modo que est\u00e9n alineados con el cumplimiento legal en esta materia. En el ejercicio [&hellip;]<\/p>\n","protected":false},"author":7,"featured_media":0,"parent":0,"menu_order":0,"comment_status":"closed","ping_status":"closed","template":"elementor_header_footer","meta":{"inline_featured_image":false},"yoast_head":"<!-- This site is optimized with the Yoast SEO plugin v21.4 - https:\/\/yoast.com\/wordpress\/plugins\/seo\/ -->\n<title>Pol\u00edtica de Privacidad - Rent a Car LA RUEDA<\/title>\n<meta name=\"robots\" content=\"index, follow, max-snippet:-1, max-image-preview:large, max-video-preview:-1\" \/>\n<link rel=\"canonical\" href=\"https:\/\/rentacarlarueda.com\/es\/politica-de-privacidad\/\" \/>\n<meta property=\"og:locale\" content=\"es_ES\" \/>\n<meta property=\"og:type\" content=\"article\" \/>\n<meta property=\"og:title\" content=\"Pol\u00edtica de Privacidad - Rent a Car LA RUEDA\" \/>\n<meta property=\"og:description\" content=\"POL\u00cdTICA DE PRIVACIDAD Autos Rueda Car Gomera S.L.: (la \u201cEmpresa\u201d) es una Organizaci\u00f3n en la que se da el servicio de \u201cAlquiler de Veh\u00edculos sin Conductor\u201d, lo que le atribuye una importante responsabilidad en el dise\u00f1o y organizaci\u00f3n de procedimientos de modo que est\u00e9n alineados con el cumplimiento legal en esta materia. En el ejercicio [&hellip;]\" \/>\n<meta property=\"og:url\" content=\"https:\/\/rentacarlarueda.com\/es\/politica-de-privacidad\/\" \/>\n<meta property=\"og:site_name\" content=\"Rent a Car LA RUEDA\" \/>\n<meta property=\"article:publisher\" content=\"https:\/\/www.facebook.com\/LaRuedaRentaCar\/\" \/>\n<meta property=\"article:modified_time\" content=\"2023-08-03T13:39:37+00:00\" \/>\n<meta name=\"twitter:card\" content=\"summary_large_image\" \/>\n<meta name=\"twitter:label1\" content=\"Tiempo de lectura\" \/>\n\t<meta name=\"twitter:data1\" content=\"6 minutos\" \/>\n<script type=\"application\/ld+json\" class=\"yoast-schema-graph\">{\"@context\":\"https:\/\/schema.org\",\"@graph\":[{\"@type\":\"WebPage\",\"@id\":\"https:\/\/rentacarlarueda.com\/es\/politica-de-privacidad\/\",\"url\":\"https:\/\/rentacarlarueda.com\/es\/politica-de-privacidad\/\",\"name\":\"Pol\u00edtica de Privacidad - Rent a Car LA RUEDA\",\"isPartOf\":{\"@id\":\"https:\/\/rentacarlarueda.com\/#website\"},\"datePublished\":\"2023-08-03T11:19:39+00:00\",\"dateModified\":\"2023-08-03T13:39:37+00:00\",\"breadcrumb\":{\"@id\":\"https:\/\/rentacarlarueda.com\/es\/politica-de-privacidad\/#breadcrumb\"},\"inLanguage\":\"es\",\"potentialAction\":[{\"@type\":\"ReadAction\",\"target\":[\"https:\/\/rentacarlarueda.com\/es\/politica-de-privacidad\/\"]}]},{\"@type\":\"BreadcrumbList\",\"@id\":\"https:\/\/rentacarlarueda.com\/es\/politica-de-privacidad\/#breadcrumb\",\"itemListElement\":[{\"@type\":\"ListItem\",\"position\":1,\"name\":\"Portada\",\"item\":\"https:\/\/rentacarlarueda.com\/es\/\"},{\"@type\":\"ListItem\",\"position\":2,\"name\":\"Pol\u00edtica de Privacidad\"}]},{\"@type\":\"WebSite\",\"@id\":\"https:\/\/rentacarlarueda.com\/#website\",\"url\":\"https:\/\/rentacarlarueda.com\/\",\"name\":\"Rent a Car LA RUEDA\",\"description\":\"Rent a car en la isla de La Gomera desde 1979\",\"publisher\":{\"@id\":\"https:\/\/rentacarlarueda.com\/#organization\"},\"potentialAction\":[{\"@type\":\"SearchAction\",\"target\":{\"@type\":\"EntryPoint\",\"urlTemplate\":\"https:\/\/rentacarlarueda.com\/?s={search_term_string}\"},\"query-input\":\"required name=search_term_string\"}],\"inLanguage\":\"es\"},{\"@type\":\"Organization\",\"@id\":\"https:\/\/rentacarlarueda.com\/#organization\",\"name\":\"Rent a Car LA RUEDA\",\"url\":\"https:\/\/rentacarlarueda.com\/\",\"logo\":{\"@type\":\"ImageObject\",\"inLanguage\":\"es\",\"@id\":\"https:\/\/rentacarlarueda.com\/#\/schema\/logo\/image\/\",\"url\":\"https:\/\/rentacarlarueda.com\/wp-content\/uploads\/2020\/07\/cropped-ico-LA-RUEDA.png\",\"contentUrl\":\"https:\/\/rentacarlarueda.com\/wp-content\/uploads\/2020\/07\/cropped-ico-LA-RUEDA.png\",\"width\":512,\"height\":512,\"caption\":\"Rent a Car LA RUEDA\"},\"image\":{\"@id\":\"https:\/\/rentacarlarueda.com\/#\/schema\/logo\/image\/\"},\"sameAs\":[\"https:\/\/www.facebook.com\/LaRuedaRentaCar\/\"]}]}<\/script>\n<!-- \/ Yoast SEO plugin. -->","yoast_head_json":{"title":"Pol\u00edtica de Privacidad - Rent a Car LA RUEDA","robots":{"index":"index","follow":"follow","max-snippet":"max-snippet:-1","max-image-preview":"max-image-preview:large","max-video-preview":"max-video-preview:-1"},"canonical":"https:\/\/rentacarlarueda.com\/es\/politica-de-privacidad\/","og_locale":"es_ES","og_type":"article","og_title":"Pol\u00edtica de Privacidad - Rent a Car LA RUEDA","og_description":"POL\u00cdTICA DE PRIVACIDAD Autos Rueda Car Gomera S.L.: (la \u201cEmpresa\u201d) es una Organizaci\u00f3n en la que se da el servicio de \u201cAlquiler de Veh\u00edculos sin Conductor\u201d, lo que le atribuye una importante responsabilidad en el dise\u00f1o y organizaci\u00f3n de procedimientos de modo que est\u00e9n alineados con el cumplimiento legal en esta materia. En el ejercicio [&hellip;]","og_url":"https:\/\/rentacarlarueda.com\/es\/politica-de-privacidad\/","og_site_name":"Rent a Car LA RUEDA","article_publisher":"https:\/\/www.facebook.com\/LaRuedaRentaCar\/","article_modified_time":"2023-08-03T13:39:37+00:00","twitter_card":"summary_large_image","twitter_misc":{"Tiempo de lectura":"6 minutos"},"schema":{"@context":"https:\/\/schema.org","@graph":[{"@type":"WebPage","@id":"https:\/\/rentacarlarueda.com\/es\/politica-de-privacidad\/","url":"https:\/\/rentacarlarueda.com\/es\/politica-de-privacidad\/","name":"Pol\u00edtica de Privacidad - Rent a Car LA RUEDA","isPartOf":{"@id":"https:\/\/rentacarlarueda.com\/#website"},"datePublished":"2023-08-03T11:19:39+00:00","dateModified":"2023-08-03T13:39:37+00:00","breadcrumb":{"@id":"https:\/\/rentacarlarueda.com\/es\/politica-de-privacidad\/#breadcrumb"},"inLanguage":"es","potentialAction":[{"@type":"ReadAction","target":["https:\/\/rentacarlarueda.com\/es\/politica-de-privacidad\/"]}]},{"@type":"BreadcrumbList","@id":"https:\/\/rentacarlarueda.com\/es\/politica-de-privacidad\/#breadcrumb","itemListElement":[{"@type":"ListItem","position":1,"name":"Portada","item":"https:\/\/rentacarlarueda.com\/es\/"},{"@type":"ListItem","position":2,"name":"Pol\u00edtica de Privacidad"}]},{"@type":"WebSite","@id":"https:\/\/rentacarlarueda.com\/#website","url":"https:\/\/rentacarlarueda.com\/","name":"Rent a Car LA RUEDA","description":"Rent a car en la isla de La Gomera desde 1979","publisher":{"@id":"https:\/\/rentacarlarueda.com\/#organization"},"potentialAction":[{"@type":"SearchAction","target":{"@type":"EntryPoint","urlTemplate":"https:\/\/rentacarlarueda.com\/?s={search_term_string}"},"query-input":"required name=search_term_string"}],"inLanguage":"es"},{"@type":"Organization","@id":"https:\/\/rentacarlarueda.com\/#organization","name":"Rent a Car LA RUEDA","url":"https:\/\/rentacarlarueda.com\/","logo":{"@type":"ImageObject","inLanguage":"es","@id":"https:\/\/rentacarlarueda.com\/#\/schema\/logo\/image\/","url":"https:\/\/rentacarlarueda.com\/wp-content\/uploads\/2020\/07\/cropped-ico-LA-RUEDA.png","contentUrl":"https:\/\/rentacarlarueda.com\/wp-content\/uploads\/2020\/07\/cropped-ico-LA-RUEDA.png","width":512,"height":512,"caption":"Rent a Car LA RUEDA"},"image":{"@id":"https:\/\/rentacarlarueda.com\/#\/schema\/logo\/image\/"},"sameAs":["https:\/\/www.facebook.com\/LaRuedaRentaCar\/"]}]}},"_links":{"self":[{"href":"https:\/\/rentacarlarueda.com\/es\/wp-json\/wp\/v2\/pages\/30304"}],"collection":[{"href":"https:\/\/rentacarlarueda.com\/es\/wp-json\/wp\/v2\/pages"}],"about":[{"href":"https:\/\/rentacarlarueda.com\/es\/wp-json\/wp\/v2\/types\/page"}],"author":[{"embeddable":true,"href":"https:\/\/rentacarlarueda.com\/es\/wp-json\/wp\/v2\/users\/7"}],"replies":[{"embeddable":true,"href":"https:\/\/rentacarlarueda.com\/es\/wp-json\/wp\/v2\/comments?post=30304"}],"version-history":[{"count":3,"href":"https:\/\/rentacarlarueda.com\/es\/wp-json\/wp\/v2\/pages\/30304\/revisions"}],"predecessor-version":[{"id":30307,"href":"https:\/\/rentacarlarueda.com\/es\/wp-json\/wp\/v2\/pages\/30304\/revisions\/30307"}],"wp:attachment":[{"href":"https:\/\/rentacarlarueda.com\/es\/wp-json\/wp\/v2\/media?parent=30304"}],"curies":[{"name":"wp","href":"https:\/\/api.w.org\/{rel}","templated":true}]}}