{"id":30294,"date":"2023-08-03T11:40:25","date_gmt":"2023-08-03T10:40:25","guid":{"rendered":"https:\/\/rentacarlarueda.com\/aviso-legal\/"},"modified":"2023-08-03T13:52:45","modified_gmt":"2023-08-03T12:52:45","slug":"aviso-legal","status":"publish","type":"page","link":"https:\/\/rentacarlarueda.com\/es\/aviso-legal\/","title":{"rendered":"Aviso Legal"},"content":{"rendered":"\t\t<div data-elementor-type=\"wp-page\" data-elementor-id=\"30294\" class=\"elementor elementor-30294 elementor-30227\" data-elementor-post-type=\"page\">\n\t\t\t\t\t\t\t<div class=\"elementor-element elementor-element-8d80538 e-con-full e-flex e-con\" data-id=\"8d80538\" data-element_type=\"container\" data-settings=\"{&quot;content_width&quot;:&quot;full&quot;,&quot;background_background&quot;:&quot;classic&quot;}\">\n\t\t\t\t<div class=\"elementor-element elementor-element-74439fe elementor-widget elementor-widget-heading\" data-id=\"74439fe\" data-element_type=\"widget\" data-widget_type=\"heading.default\">\n\t\t\t\t<div class=\"elementor-widget-container\">\n\t\t\t<style>\/*! elementor - v3.15.0 - 09-08-2023 *\/\n.elementor-heading-title{padding:0;margin:0;line-height:1}.elementor-widget-heading .elementor-heading-title[class*=elementor-size-]>a{color:inherit;font-size:inherit;line-height:inherit}.elementor-widget-heading .elementor-heading-title.elementor-size-small{font-size:15px}.elementor-widget-heading .elementor-heading-title.elementor-size-medium{font-size:19px}.elementor-widget-heading .elementor-heading-title.elementor-size-large{font-size:29px}.elementor-widget-heading .elementor-heading-title.elementor-size-xl{font-size:39px}.elementor-widget-heading .elementor-heading-title.elementor-size-xxl{font-size:59px}<\/style><h1 class=\"elementor-heading-title elementor-size-default\">AVISO LEGAL<\/h1>\t\t<\/div>\n\t\t\t\t<\/div>\n\t\t\t\t<\/div>\n\t\t<div class=\"elementor-element elementor-element-d45f90c e-flex e-con-boxed e-con\" data-id=\"d45f90c\" data-element_type=\"container\" data-settings=\"{&quot;content_width&quot;:&quot;boxed&quot;}\">\n\t\t\t\t\t<div class=\"e-con-inner\">\n\t\t\t\t<div class=\"elementor-element elementor-element-595f619 elementor-widget elementor-widget-text-editor\" data-id=\"595f619\" data-element_type=\"widget\" data-widget_type=\"text-editor.default\">\n\t\t\t\t<div class=\"elementor-widget-container\">\n\t\t\t<style>\/*! elementor - v3.15.0 - 09-08-2023 *\/\n.elementor-widget-text-editor.elementor-drop-cap-view-stacked .elementor-drop-cap{background-color:#69727d;color:#fff}.elementor-widget-text-editor.elementor-drop-cap-view-framed .elementor-drop-cap{color:#69727d;border:3px solid;background-color:transparent}.elementor-widget-text-editor:not(.elementor-drop-cap-view-default) .elementor-drop-cap{margin-top:8px}.elementor-widget-text-editor:not(.elementor-drop-cap-view-default) .elementor-drop-cap-letter{width:1em;height:1em}.elementor-widget-text-editor .elementor-drop-cap{float:left;text-align:center;line-height:1;font-size:50px}.elementor-widget-text-editor .elementor-drop-cap-letter{display:inline-block}<\/style>\t\t\t\t<p>En cumplimiento de la Ley 34\/2002, de 11 de julio, de servicios de la sociedad de la informaci\u00f3n y de comercio electr\u00f3nico (LSSI), le informamos de que:<\/p>\n<p>Autos Rueda Car Gomera S.L su CIF es B38818506 y tiene su domicilio social en Calle Real N\u00ba 19 \u2013 38800 San Sebasti\u00e1n de La Gomera.<\/p>\n<p><strong>Datos de contacto:<\/strong><\/p>\n<p>Tel\u00e9fono: 922 870 709<\/p>\n<p>E-mail: <a href=\"mailto:info@autoslarueda.es\" target=\"_blank\" rel=\"noopener\">info@autoslarueda.es<\/a> \/ <a href=\"mailto:info@rentacarlarueda.com\" target=\"_blank\" rel=\"noopener\">info@rentacarlarueda.com<\/a><\/p>\n\t\t\t\t\t\t<\/div>\n\t\t\t\t<\/div>\n\t\t\t\t<div class=\"elementor-element elementor-element-aa6fc37 elementor-widget elementor-widget-heading\" data-id=\"aa6fc37\" data-element_type=\"widget\" data-widget_type=\"heading.default\">\n\t\t\t\t<div class=\"elementor-widget-container\">\n\t\t\t<h2 class=\"elementor-heading-title elementor-size-default\">Condiciones generales de uso del sitio web<\/h2>\t\t<\/div>\n\t\t\t\t<\/div>\n\t\t\t\t<div class=\"elementor-element elementor-element-999937f elementor-widget elementor-widget-text-editor\" data-id=\"999937f\" data-element_type=\"widget\" data-widget_type=\"text-editor.default\">\n\t\t\t\t<div class=\"elementor-widget-container\">\n\t\t\t\t\t\t\t<p>El nombre de dominio www.rentacarlarueda.com titularidad de Autos Rueda Car Gomera S.L y su uso exclusivo est\u00e1 reservado a \u00e9ste.<\/p>\n<p>El portal oficial de Autos Rueda Car Gomera S.L tiene por objeto facilitar al p\u00fablico, en general, el conocimiento de las actividades que esta Organizaci\u00f3n realiza y de los productos y servicios que presta en materia de ALQUILER DE VEH\u00cdCULOS SIN CONDUCTOR.<\/p>\n<p>El uso de este sitio Web implica la expresa y plena aceptaci\u00f3n de las condiciones aqu\u00ed expuestas, sin perjuicio de aquellas particulares que pudieran aplicarse a algunos de los productos o servicios concretos ofrecidos a trav\u00e9s del sitio Web.<\/p>\n<p>Autos Rueda Car Gomera S.L se reserva la facultad de efectuar, en cualquier momento y sin necesidad de previo aviso, modificaciones y actualizaciones de la informaci\u00f3n contenida en su Web o en la configuraci\u00f3n y presentaci\u00f3n de \u00e9sta.<\/p>\n<p>Con objeto de mantener actualizada la informaci\u00f3n publicada en el portal, los contenidos del mismo podr\u00e1n ser modificados, corregidos, eliminados o a\u00f1adidos en cualquier momento, por lo que ser\u00e1 conveniente comprobar la vigencia o exactitud de los mismos acudiendo a las fuentes oficiales.<\/p>\n\t\t\t\t\t\t<\/div>\n\t\t\t\t<\/div>\n\t\t\t\t<div class=\"elementor-element elementor-element-80c2e79 elementor-widget elementor-widget-heading\" data-id=\"80c2e79\" data-element_type=\"widget\" data-widget_type=\"heading.default\">\n\t\t\t\t<div class=\"elementor-widget-container\">\n\t\t\t<h2 class=\"elementor-heading-title elementor-size-default\">Propiedad intelectual, industrial y frames<\/h2>\t\t<\/div>\n\t\t\t\t<\/div>\n\t\t\t\t<div class=\"elementor-element elementor-element-2c1b21c elementor-widget elementor-widget-text-editor\" data-id=\"2c1b21c\" data-element_type=\"widget\" data-widget_type=\"text-editor.default\">\n\t\t\t\t<div class=\"elementor-widget-container\">\n\t\t\t\t\t\t\t<p>Todos los elementos que forman el sitio Web, as\u00ed como su estructura, dise\u00f1o, c\u00f3digo fuente, as\u00ed como los logos, marcas y dem\u00e1s signos distintivos que aparecen en la misma, son titularidad de Autos Rueda Car Gomera S.L. o de sus colaboradores y est\u00e1n protegidos por los correspondientes derechos de propiedad intelectual e industrial.<\/p>\n<p>Igualmente est\u00e1n protegidos por los correspondientes derechos de propiedad intelectual e industrial las im\u00e1genes y otros elementos gr\u00e1ficos contenidos en los portales.<\/p>\n<p>Autos Rueda Car Gomera S.L. proh\u00edbe expresamente la realizaci\u00f3n de \u201cframings\u201d o la utilizaci\u00f3n por parte de terceros de cualesquiera otros mecanismos que alteren el dise\u00f1o, configuraci\u00f3n original o contenidos de nuestros portales.<\/p>\n<p>El uso de los contenidos deber\u00e1 respetar su licenciamiento particular. De tal modo su uso, reproducci\u00f3n, distribuci\u00f3n, comunicaci\u00f3n p\u00fablica, transformaci\u00f3n o cualquier otra actividad similar o an\u00e1loga, queda totalmente prohibida salvo que medie previa y expresa autorizaci\u00f3n de Autos Rueda Car Gomera S.L.<\/p>\n<p>Respecto a las citas de noticias, productos y servicios de terceros, que puedan aparecer en la Web, Autos Rueda Car Gomera S.L reconoce a favor de sus titulares los correspondientes derechos de propiedad industrial e intelectual, no implicando su sola menci\u00f3n o aparici\u00f3n en la Web la existencia de derechos ni de responsabilidad alguna sobre los mismos, como tampoco respaldo, patrocinio o recomendaci\u00f3n.<\/p>\n<p>Autos Rueda Car Gomera S.L declara su respeto a los derechos de propiedad intelectual e industrial de terceros; por ello, si considera que nuestros portales pudieran estar violando sus derechos, rogamos se ponga en contacto con Autos Rueda Car Gomera S.L.<\/p>\n\t\t\t\t\t\t<\/div>\n\t\t\t\t<\/div>\n\t\t\t\t<div class=\"elementor-element elementor-element-eeaa02f elementor-widget elementor-widget-heading\" data-id=\"eeaa02f\" data-element_type=\"widget\" data-widget_type=\"heading.default\">\n\t\t\t\t<div class=\"elementor-widget-container\">\n\t\t\t<h2 class=\"elementor-heading-title elementor-size-default\">Responsabilidad<\/h2>\t\t<\/div>\n\t\t\t\t<\/div>\n\t\t\t\t<div class=\"elementor-element elementor-element-c1cdaf2 elementor-widget elementor-widget-text-editor\" data-id=\"c1cdaf2\" data-element_type=\"widget\" data-widget_type=\"text-editor.default\">\n\t\t\t\t<div class=\"elementor-widget-container\">\n\t\t\t\t\t\t\t<p>Autos Rueda Car Gomera S.L no garantiza la inexistencia de errores en el acceso a la Web, en su contenido, ni que \u00e9ste se encuentre actualizado, aunque Autos Rueda Car Gomera S.L desarrollar\u00e1 sus mejores esfuerzos para, en su caso, evitarlos, subsanarlos o actualizarlos.<\/p>\n<p>Tanto el acceso a los portales de Autos Rueda Car Gomera S.L como el uso que pueda hacerse de la informaci\u00f3n contenida en los mismos es de la exclusiva responsabilidad de quien lo realiza.<\/p>\n<p>Autos Rueda Car Gomera S.L no se hace responsable de los posibles errores de seguridad que se puedan producir ni de los posibles da\u00f1os que puedan causarse al sistema inform\u00e1tico del Usuario (hardware y software), los ficheros o documentos almacenados en el mismo, como consecuencia de la presencia de virus en el ordenador del Usuario utilizado para la conexi\u00f3n a los servicios y contenidos de la Web, de un mal funcionamiento del navegador o del uso de versiones no actualizadas del mismo.<\/p>\n<p>Autos Rueda Car Gomera S.L no se hace responsable de la informaci\u00f3n y contenidos almacenados, a t\u00edtulo enunciativo pero no limitativo, en foros, chats, blogs, comentarios, redes sociales o cualesquiera otro medio que permita a terceros publicar contenidos de forma independiente en la p\u00e1gina web de Autos Rueda Car Gomera S.L.<\/p>\n<p>No obstante y en cumplimiento de lo dispuesto en la LSSI, Autos Rueda Car Gomera S.L se pone a disposici\u00f3n de todos los usuarios, autoridades y fuerzas de seguridad, y colaborando de forma activa en la retirada o en su caso bloqueo de todos aquellos contenidos que pudieran afectar o contravenir la legislaci\u00f3n nacional, o internacional, derechos de terceros o la moral y el orden p\u00fablico. En caso de que el usuario considere que existe en el sitio web alg\u00fan contenido que pudiera ser susceptible de esta clasificaci\u00f3n, rogamos se ponga en contacto con Autos Rueda Car Gomera S.L.<\/p>\n\t\t\t\t\t\t<\/div>\n\t\t\t\t<\/div>\n\t\t\t\t<div class=\"elementor-element elementor-element-afc3c3b elementor-widget elementor-widget-heading\" data-id=\"afc3c3b\" data-element_type=\"widget\" data-widget_type=\"heading.default\">\n\t\t\t\t<div class=\"elementor-widget-container\">\n\t\t\t<h2 class=\"elementor-heading-title elementor-size-default\">Links o hiperenlaces<\/h2>\t\t<\/div>\n\t\t\t\t<\/div>\n\t\t\t\t<div class=\"elementor-element elementor-element-41b510a elementor-widget elementor-widget-text-editor\" data-id=\"41b510a\" data-element_type=\"widget\" data-widget_type=\"text-editor.default\">\n\t\t\t\t<div class=\"elementor-widget-container\">\n\t\t\t\t\t\t\t<p>La Web puede contener enlaces a contenidos que dirijan a contenidos Web de terceros. El objetivo de dichos enlaces es \u00fanicamente facilitarle la b\u00fasqueda de los recursos que le puedan interesar a trav\u00e9s de Internet. No obstante, dichas p\u00e1ginas no pertenecen a Autos Rueda Car Gomera S.L ni hace una revisi\u00f3n de sus contenidos y, por ello, Autos Rueda Car Gomera S.L no asume ninguna responsabilidad por el contenido, informaciones o servicios que pudieran aparecer en dichos sitios, que tendr\u00e1n exclusivamente car\u00e1cter informativo y que en ning\u00fan caso implican relaci\u00f3n alguna entre Autos Rueda Car Gomera S.L y a las personas o entidades titulares de tales contenidos o titulares de los sitios donde se encuentren. Autos Rueda Car Gomera S.L tampoco puede hacerse responsable del funcionamiento de la p\u00e1gina enlazada o de los posibles da\u00f1os que puedan derivarse del acceso o uso de la misma.<\/p>\n<p>Los enlaces a la web de Autos Rueda Car Gomera S.L deber\u00e1n respetar las siguientes condiciones:<\/p>\n<p>\u00b7 El establecimiento del enlace no supondr\u00e1 per se ning\u00fan tipo de acuerdo, contrato, patrocinio ni recomendaci\u00f3n por parte de Autos Rueda Car Gomera S.L de la p\u00e1gina que realiza el enlace.<\/p>\n<p>\u00b7 La p\u00e1gina web en la que se establezca el hiperenlace no contendr\u00e1 informaciones con contenidos que sean il\u00edcitos, discriminatorios, contrarios a los principios \u00e9ticos com\u00fanmente aceptados o atenten contra el orden p\u00fablico, as\u00ed como tampoco contendr\u00e1 contenidos contrarios a cualesquiera derechos de terceros.<\/p>\n<p>&#8211; Autos Rueda Car Gomera S.L podr\u00e1 solicitar que se retire un enlace a su web, sin necesidad de alegar causa alguna. En tal caso, la p\u00e1gina que haya realizado el enlace deber\u00e1 proceder a su inmediata supresi\u00f3n, tan pronto como reciba la notificaci\u00f3n Autos Rueda Car Gomera S.L.<\/p>\n<p>&#8211; No se responsabiliza en modo alguno ni garantiza la calidad, exactitud, fiabilidad, correcci\u00f3n o moralidad de contenidos o servicios que el establecimiento del hiperenlace pueda ofrecer. El usuario asume bajo su exclusiva responsabilidad las consecuencias, da\u00f1os o acciones que pudieran derivarse del acceso a la p\u00e1gina web del hiperenlace.<\/p>\n\t\t\t\t\t\t<\/div>\n\t\t\t\t<\/div>\n\t\t\t\t<div class=\"elementor-element elementor-element-3a7f683 elementor-widget elementor-widget-heading\" data-id=\"3a7f683\" data-element_type=\"widget\" data-widget_type=\"heading.default\">\n\t\t\t\t<div class=\"elementor-widget-container\">\n\t\t\t<h2 class=\"elementor-heading-title elementor-size-default\">Protecci\u00f3n de Datos Personales<\/h2>\t\t<\/div>\n\t\t\t\t<\/div>\n\t\t\t\t<div class=\"elementor-element elementor-element-5e171b1 elementor-widget elementor-widget-text-editor\" data-id=\"5e171b1\" data-element_type=\"widget\" data-widget_type=\"text-editor.default\">\n\t\t\t\t<div class=\"elementor-widget-container\">\n\t\t\t\t\t\t\t<p>Autos Rueda Car Gomera S.L se encuentra profundamente comprometido con el cumplimiento de la normativa de protecci\u00f3n de datos de car\u00e1cter personal, y garantiza el cumplimiento \u00edntegro de las obligaciones dispuestas, as\u00ed como la implementaci\u00f3n de las medidas de seguridad apropiadas para garantizar un nivel de seguridad adecuado al riesgo.<\/p>\n<p>Autos Rueda Car Gomera S.L pone a disposici\u00f3n de los usuarios su Pol\u00edtica de Privacidad y le ofrece informaci\u00f3n ampliada del tratamiento de datos realizado por la Entidad.<\/p>\n\t\t\t\t\t\t<\/div>\n\t\t\t\t<\/div>\n\t\t\t\t\t<\/div>\n\t\t\t\t<\/div>\n\t\t\t\t\t\t\t<\/div>\n\t\t","protected":false},"excerpt":{"rendered":"<p>AVISO LEGAL En cumplimiento de la Ley 34\/2002, de 11 de julio, de servicios de la sociedad de la informaci\u00f3n y de comercio electr\u00f3nico (LSSI), le informamos de que: Autos Rueda Car Gomera S.L su CIF es B38818506 y tiene su domicilio social en Calle Real N\u00ba 19 \u2013 38800 San Sebasti\u00e1n de La Gomera. [&hellip;]<\/p>\n","protected":false},"author":7,"featured_media":0,"parent":0,"menu_order":0,"comment_status":"closed","ping_status":"closed","template":"elementor_header_footer","meta":{"inline_featured_image":false},"yoast_head":"<!-- This site is optimized with the Yoast SEO plugin v21.4 - https:\/\/yoast.com\/wordpress\/plugins\/seo\/ -->\n<title>Aviso Legal - Rent a Car LA RUEDA<\/title>\n<meta name=\"robots\" content=\"index, follow, max-snippet:-1, max-image-preview:large, max-video-preview:-1\" \/>\n<link rel=\"canonical\" href=\"https:\/\/rentacarlarueda.com\/es\/aviso-legal\/\" \/>\n<meta property=\"og:locale\" content=\"es_ES\" \/>\n<meta property=\"og:type\" content=\"article\" \/>\n<meta property=\"og:title\" content=\"Aviso Legal - Rent a Car LA RUEDA\" \/>\n<meta property=\"og:description\" content=\"AVISO LEGAL En cumplimiento de la Ley 34\/2002, de 11 de julio, de servicios de la sociedad de la informaci\u00f3n y de comercio electr\u00f3nico (LSSI), le informamos de que: Autos Rueda Car Gomera S.L su CIF es B38818506 y tiene su domicilio social en Calle Real N\u00ba 19 \u2013 38800 San Sebasti\u00e1n de La Gomera. [&hellip;]\" \/>\n<meta property=\"og:url\" content=\"https:\/\/rentacarlarueda.com\/es\/aviso-legal\/\" \/>\n<meta property=\"og:site_name\" content=\"Rent a Car LA RUEDA\" \/>\n<meta property=\"article:publisher\" content=\"https:\/\/www.facebook.com\/LaRuedaRentaCar\/\" \/>\n<meta property=\"article:modified_time\" content=\"2023-08-03T12:52:45+00:00\" \/>\n<meta name=\"twitter:card\" content=\"summary_large_image\" \/>\n<meta name=\"twitter:label1\" content=\"Tiempo de lectura\" \/>\n\t<meta name=\"twitter:data1\" content=\"7 minutos\" \/>\n<script type=\"application\/ld+json\" class=\"yoast-schema-graph\">{\"@context\":\"https:\/\/schema.org\",\"@graph\":[{\"@type\":\"WebPage\",\"@id\":\"https:\/\/rentacarlarueda.com\/es\/aviso-legal\/\",\"url\":\"https:\/\/rentacarlarueda.com\/es\/aviso-legal\/\",\"name\":\"Aviso Legal - Rent a Car LA RUEDA\",\"isPartOf\":{\"@id\":\"https:\/\/rentacarlarueda.com\/#website\"},\"datePublished\":\"2023-08-03T10:40:25+00:00\",\"dateModified\":\"2023-08-03T12:52:45+00:00\",\"breadcrumb\":{\"@id\":\"https:\/\/rentacarlarueda.com\/es\/aviso-legal\/#breadcrumb\"},\"inLanguage\":\"es\",\"potentialAction\":[{\"@type\":\"ReadAction\",\"target\":[\"https:\/\/rentacarlarueda.com\/es\/aviso-legal\/\"]}]},{\"@type\":\"BreadcrumbList\",\"@id\":\"https:\/\/rentacarlarueda.com\/es\/aviso-legal\/#breadcrumb\",\"itemListElement\":[{\"@type\":\"ListItem\",\"position\":1,\"name\":\"Portada\",\"item\":\"https:\/\/rentacarlarueda.com\/es\/\"},{\"@type\":\"ListItem\",\"position\":2,\"name\":\"Aviso Legal\"}]},{\"@type\":\"WebSite\",\"@id\":\"https:\/\/rentacarlarueda.com\/#website\",\"url\":\"https:\/\/rentacarlarueda.com\/\",\"name\":\"Rent a Car LA RUEDA\",\"description\":\"Rent a car en la isla de La Gomera desde 1979\",\"publisher\":{\"@id\":\"https:\/\/rentacarlarueda.com\/#organization\"},\"potentialAction\":[{\"@type\":\"SearchAction\",\"target\":{\"@type\":\"EntryPoint\",\"urlTemplate\":\"https:\/\/rentacarlarueda.com\/?s={search_term_string}\"},\"query-input\":\"required name=search_term_string\"}],\"inLanguage\":\"es\"},{\"@type\":\"Organization\",\"@id\":\"https:\/\/rentacarlarueda.com\/#organization\",\"name\":\"Rent a Car LA RUEDA\",\"url\":\"https:\/\/rentacarlarueda.com\/\",\"logo\":{\"@type\":\"ImageObject\",\"inLanguage\":\"es\",\"@id\":\"https:\/\/rentacarlarueda.com\/#\/schema\/logo\/image\/\",\"url\":\"https:\/\/rentacarlarueda.com\/wp-content\/uploads\/2020\/07\/cropped-ico-LA-RUEDA.png\",\"contentUrl\":\"https:\/\/rentacarlarueda.com\/wp-content\/uploads\/2020\/07\/cropped-ico-LA-RUEDA.png\",\"width\":512,\"height\":512,\"caption\":\"Rent a Car LA RUEDA\"},\"image\":{\"@id\":\"https:\/\/rentacarlarueda.com\/#\/schema\/logo\/image\/\"},\"sameAs\":[\"https:\/\/www.facebook.com\/LaRuedaRentaCar\/\"]}]}<\/script>\n<!-- \/ Yoast SEO plugin. -->","yoast_head_json":{"title":"Aviso Legal - Rent a Car LA RUEDA","robots":{"index":"index","follow":"follow","max-snippet":"max-snippet:-1","max-image-preview":"max-image-preview:large","max-video-preview":"max-video-preview:-1"},"canonical":"https:\/\/rentacarlarueda.com\/es\/aviso-legal\/","og_locale":"es_ES","og_type":"article","og_title":"Aviso Legal - Rent a Car LA RUEDA","og_description":"AVISO LEGAL En cumplimiento de la Ley 34\/2002, de 11 de julio, de servicios de la sociedad de la informaci\u00f3n y de comercio electr\u00f3nico (LSSI), le informamos de que: Autos Rueda Car Gomera S.L su CIF es B38818506 y tiene su domicilio social en Calle Real N\u00ba 19 \u2013 38800 San Sebasti\u00e1n de La Gomera. [&hellip;]","og_url":"https:\/\/rentacarlarueda.com\/es\/aviso-legal\/","og_site_name":"Rent a Car LA RUEDA","article_publisher":"https:\/\/www.facebook.com\/LaRuedaRentaCar\/","article_modified_time":"2023-08-03T12:52:45+00:00","twitter_card":"summary_large_image","twitter_misc":{"Tiempo de lectura":"7 minutos"},"schema":{"@context":"https:\/\/schema.org","@graph":[{"@type":"WebPage","@id":"https:\/\/rentacarlarueda.com\/es\/aviso-legal\/","url":"https:\/\/rentacarlarueda.com\/es\/aviso-legal\/","name":"Aviso Legal - Rent a Car LA RUEDA","isPartOf":{"@id":"https:\/\/rentacarlarueda.com\/#website"},"datePublished":"2023-08-03T10:40:25+00:00","dateModified":"2023-08-03T12:52:45+00:00","breadcrumb":{"@id":"https:\/\/rentacarlarueda.com\/es\/aviso-legal\/#breadcrumb"},"inLanguage":"es","potentialAction":[{"@type":"ReadAction","target":["https:\/\/rentacarlarueda.com\/es\/aviso-legal\/"]}]},{"@type":"BreadcrumbList","@id":"https:\/\/rentacarlarueda.com\/es\/aviso-legal\/#breadcrumb","itemListElement":[{"@type":"ListItem","position":1,"name":"Portada","item":"https:\/\/rentacarlarueda.com\/es\/"},{"@type":"ListItem","position":2,"name":"Aviso Legal"}]},{"@type":"WebSite","@id":"https:\/\/rentacarlarueda.com\/#website","url":"https:\/\/rentacarlarueda.com\/","name":"Rent a Car LA RUEDA","description":"Rent a car en la isla de La Gomera desde 1979","publisher":{"@id":"https:\/\/rentacarlarueda.com\/#organization"},"potentialAction":[{"@type":"SearchAction","target":{"@type":"EntryPoint","urlTemplate":"https:\/\/rentacarlarueda.com\/?s={search_term_string}"},"query-input":"required name=search_term_string"}],"inLanguage":"es"},{"@type":"Organization","@id":"https:\/\/rentacarlarueda.com\/#organization","name":"Rent a Car LA RUEDA","url":"https:\/\/rentacarlarueda.com\/","logo":{"@type":"ImageObject","inLanguage":"es","@id":"https:\/\/rentacarlarueda.com\/#\/schema\/logo\/image\/","url":"https:\/\/rentacarlarueda.com\/wp-content\/uploads\/2020\/07\/cropped-ico-LA-RUEDA.png","contentUrl":"https:\/\/rentacarlarueda.com\/wp-content\/uploads\/2020\/07\/cropped-ico-LA-RUEDA.png","width":512,"height":512,"caption":"Rent a Car LA RUEDA"},"image":{"@id":"https:\/\/rentacarlarueda.com\/#\/schema\/logo\/image\/"},"sameAs":["https:\/\/www.facebook.com\/LaRuedaRentaCar\/"]}]}},"_links":{"self":[{"href":"https:\/\/rentacarlarueda.com\/es\/wp-json\/wp\/v2\/pages\/30294"}],"collection":[{"href":"https:\/\/rentacarlarueda.com\/es\/wp-json\/wp\/v2\/pages"}],"about":[{"href":"https:\/\/rentacarlarueda.com\/es\/wp-json\/wp\/v2\/types\/page"}],"author":[{"embeddable":true,"href":"https:\/\/rentacarlarueda.com\/es\/wp-json\/wp\/v2\/users\/7"}],"replies":[{"embeddable":true,"href":"https:\/\/rentacarlarueda.com\/es\/wp-json\/wp\/v2\/comments?post=30294"}],"version-history":[{"count":6,"href":"https:\/\/rentacarlarueda.com\/es\/wp-json\/wp\/v2\/pages\/30294\/revisions"}],"predecessor-version":[{"id":30303,"href":"https:\/\/rentacarlarueda.com\/es\/wp-json\/wp\/v2\/pages\/30294\/revisions\/30303"}],"wp:attachment":[{"href":"https:\/\/rentacarlarueda.com\/es\/wp-json\/wp\/v2\/media?parent=30294"}],"curies":[{"name":"wp","href":"https:\/\/api.w.org\/{rel}","templated":true}]}}